{"id":1318,"date":"2022-06-16T13:23:47","date_gmt":"2022-06-16T10:23:47","guid":{"rendered":"https:\/\/www.qutbag.com\/?post_type=product&#038;p=1318"},"modified":"2024-05-07T11:34:51","modified_gmt":"2024-05-07T08:34:51","slug":"jut-plaj-cantasi-kirmizi","status":"publish","type":"product","link":"https:\/\/www.qutbag.com\/en\/urun\/jut-plaj-cantasi-kirmizi\/","title":{"rendered":"(Turkish) J\u00fct Plaj \u00c7antas\u0131 K\u0131rm\u0131z\u0131"},"content":{"rendered":"","protected":false},"excerpt":{"rendered":"","protected":false},"featured_media":1319,"comment_status":"closed","ping_status":"closed","template":"","meta":[],"product_cat":[33],"product_tag":[],"class_list":{"0":"post-1318","1":"product","2":"type-product","3":"status-publish","4":"has-post-thumbnail","6":"product_cat-plaj-cantasi","8":"first","9":"instock","10":"shipping-taxable","11":"purchasable","12":"product-type-simple"},"_links":{"self":[{"href":"https:\/\/www.qutbag.com\/en\/wp-json\/wp\/v2\/product\/1318","targetHints":{"allow":["GET"]}}],"collection":[{"href":"https:\/\/www.qutbag.com\/en\/wp-json\/wp\/v2\/product"}],"about":[{"href":"https:\/\/www.qutbag.com\/en\/wp-json\/wp\/v2\/types\/product"}],"replies":[{"embeddable":true,"href":"https:\/\/www.qutbag.com\/en\/wp-json\/wp\/v2\/comments?post=1318"}],"wp:featuredmedia":[{"embeddable":true,"href":"https:\/\/www.qutbag.com\/en\/wp-json\/wp\/v2\/media\/1319"}],"wp:attachment":[{"href":"https:\/\/www.qutbag.com\/en\/wp-json\/wp\/v2\/media?parent=1318"}],"wp:term":[{"taxonomy":"product_cat","embeddable":true,"href":"https:\/\/www.qutbag.com\/en\/wp-json\/wp\/v2\/product_cat?post=1318"},{"taxonomy":"product_tag","embeddable":true,"href":"https:\/\/www.qutbag.com\/en\/wp-json\/wp\/v2\/product_tag?post=1318"}],"curies":[{"name":"wp","href":"https:\/\/api.w.org\/{rel}","templated":true}]}}