{"id":1281,"date":"2022-04-19T10:20:34","date_gmt":"2022-04-19T07:20:34","guid":{"rendered":"https:\/\/www.qutbag.com\/?post_type=product&#038;p=1281"},"modified":"2022-05-08T12:38:13","modified_gmt":"2022-05-08T09:38:13","slug":"tasarim-ince-sapli-kahve-ici","status":"publish","type":"product","link":"https:\/\/www.qutbag.com\/en\/urun\/tasarim-ince-sapli-kahve-ici\/","title":{"rendered":"(Turkish) TASARIM \u0130NCE SAPLI KAHVE \u0130\u00c7\u0130"},"content":{"rendered":"","protected":false},"excerpt":{"rendered":"","protected":false},"featured_media":1288,"comment_status":"closed","ping_status":"closed","template":"","meta":[],"product_cat":[34],"product_tag":[],"class_list":{"0":"post-1281","1":"product","2":"type-product","3":"status-publish","4":"has-post-thumbnail","6":"product_cat-makyaj-cantalari","8":"first","9":"instock","10":"shipping-taxable","11":"purchasable","12":"product-type-simple"},"_links":{"self":[{"href":"https:\/\/www.qutbag.com\/en\/wp-json\/wp\/v2\/product\/1281","targetHints":{"allow":["GET"]}}],"collection":[{"href":"https:\/\/www.qutbag.com\/en\/wp-json\/wp\/v2\/product"}],"about":[{"href":"https:\/\/www.qutbag.com\/en\/wp-json\/wp\/v2\/types\/product"}],"replies":[{"embeddable":true,"href":"https:\/\/www.qutbag.com\/en\/wp-json\/wp\/v2\/comments?post=1281"}],"wp:featuredmedia":[{"embeddable":true,"href":"https:\/\/www.qutbag.com\/en\/wp-json\/wp\/v2\/media\/1288"}],"wp:attachment":[{"href":"https:\/\/www.qutbag.com\/en\/wp-json\/wp\/v2\/media?parent=1281"}],"wp:term":[{"taxonomy":"product_cat","embeddable":true,"href":"https:\/\/www.qutbag.com\/en\/wp-json\/wp\/v2\/product_cat?post=1281"},{"taxonomy":"product_tag","embeddable":true,"href":"https:\/\/www.qutbag.com\/en\/wp-json\/wp\/v2\/product_tag?post=1281"}],"curies":[{"name":"wp","href":"https:\/\/api.w.org\/{rel}","templated":true}]}}