{"id":1280,"date":"2022-04-19T10:19:23","date_gmt":"2022-04-19T07:19:23","guid":{"rendered":"https:\/\/www.qutbag.com\/?post_type=product&#038;p=1280"},"modified":"2024-05-07T11:36:20","modified_gmt":"2024-05-07T08:36:20","slug":"mumlu-kanvas-erkek-el-cantasi-yesil","status":"publish","type":"product","link":"https:\/\/www.qutbag.com\/en\/urun\/mumlu-kanvas-erkek-el-cantasi-yesil\/","title":{"rendered":"(Turkish) ERKEK EL \u00c7ANTASI YE\u015e\u0130L"},"content":{"rendered":"","protected":false},"excerpt":{"rendered":"","protected":false},"featured_media":1283,"comment_status":"closed","ping_status":"closed","template":"","meta":[],"product_cat":[35],"product_tag":[],"class_list":{"0":"post-1280","1":"product","2":"type-product","3":"status-publish","4":"has-post-thumbnail","6":"product_cat-mumlu-kanvas-cantalari","8":"first","9":"instock","10":"shipping-taxable","11":"purchasable","12":"product-type-simple"},"_links":{"self":[{"href":"https:\/\/www.qutbag.com\/en\/wp-json\/wp\/v2\/product\/1280","targetHints":{"allow":["GET"]}}],"collection":[{"href":"https:\/\/www.qutbag.com\/en\/wp-json\/wp\/v2\/product"}],"about":[{"href":"https:\/\/www.qutbag.com\/en\/wp-json\/wp\/v2\/types\/product"}],"replies":[{"embeddable":true,"href":"https:\/\/www.qutbag.com\/en\/wp-json\/wp\/v2\/comments?post=1280"}],"wp:featuredmedia":[{"embeddable":true,"href":"https:\/\/www.qutbag.com\/en\/wp-json\/wp\/v2\/media\/1283"}],"wp:attachment":[{"href":"https:\/\/www.qutbag.com\/en\/wp-json\/wp\/v2\/media?parent=1280"}],"wp:term":[{"taxonomy":"product_cat","embeddable":true,"href":"https:\/\/www.qutbag.com\/en\/wp-json\/wp\/v2\/product_cat?post=1280"},{"taxonomy":"product_tag","embeddable":true,"href":"https:\/\/www.qutbag.com\/en\/wp-json\/wp\/v2\/product_tag?post=1280"}],"curies":[{"name":"wp","href":"https:\/\/api.w.org\/{rel}","templated":true}]}}